{"id":12,"date":"2024-05-21T23:18:09","date_gmt":"2024-05-21T21:18:09","guid":{"rendered":"http:\/\/leaeller.de\/?page_id=12"},"modified":"2025-03-23T18:54:39","modified_gmt":"2025-03-23T17:54:39","slug":"projekte","status":"publish","type":"page","link":"http:\/\/leaeller.de\/?page_id=12","title":{"rendered":"Projekte"},"content":{"rendered":"\n<div class=\"wp-block-media-text is-stacked-on-mobile\" style=\"grid-template-columns:45% auto\"><figure class=\"wp-block-media-text__media\"><img loading=\"lazy\" decoding=\"async\" width=\"1024\" height=\"445\" src=\"https:\/\/leaeller.de\/wp-content\/uploads\/2025\/03\/cropped-Header-1-1024x445.jpg\" alt=\"\" class=\"wp-image-64 size-full\" srcset=\"http:\/\/leaeller.de\/wp-content\/uploads\/2025\/03\/cropped-Header-1-1024x445.jpg 1024w, http:\/\/leaeller.de\/wp-content\/uploads\/2025\/03\/cropped-Header-1-300x130.jpg 300w, http:\/\/leaeller.de\/wp-content\/uploads\/2025\/03\/cropped-Header-1-768x334.jpg 768w, http:\/\/leaeller.de\/wp-content\/uploads\/2025\/03\/cropped-Header-1-1536x668.jpg 1536w, http:\/\/leaeller.de\/wp-content\/uploads\/2025\/03\/cropped-Header-1.jpg 1920w\" sizes=\"auto, (max-width: 1024px) 100vw, 1024px\" \/><\/figure><div class=\"wp-block-media-text__content\">\n<p><strong><a href=\"https:\/\/22zeichen.de\" data-type=\"link\" data-id=\"https:\/\/22zeichen.de\" target=\"_blank\" rel=\"noreferrer noopener\">22-Zeichen<\/a><\/strong> besticken von T-Shirts <em>seit 2024<\/em><\/p>\n<\/div><\/div>\n\n\n\n<details class=\"wp-block-details is-layout-flow wp-block-details-is-layout-flow\"><summary><strong>Mobiles Futurium<\/strong> f\u00fcr Bewirken <em>seit 2024<\/em><\/summary>\n<p>Im Rahmen meiner freiberuflichen T\u00e4tigkeit wirke ich bei dem Projekt\u00a0<em>Mobile Futurium<\/em>\u00a0mit. Dieses Bildungsangebot bringt Zukunftsthemen direkt in Schulen, insbesondere in l\u00e4ndlichen Regionen. Gemeinsam mit einem engagierten Team erm\u00f6gliche ich Sch\u00fcler*innen und Lehrkr\u00e4ften, sich aktiv mit den Herausforderungen und Chancen unserer Zeit auseinanderzusetzen.<\/p>\n\n\n\n<p>Durch interaktive Formate und praxisnahe Methoden entdecken Sch\u00fcler*innen spielerisch, wie Wissenschaft, Technologie und Forschung L\u00f6sungen f\u00fcr dr\u00e4ngende globale und lokale Fragen bieten k\u00f6nnen. Dabei liegt mir besonders am Herzen, die Jugendlichen zu ermutigen, ihre eigene Zukunft aktiv mitzugestalten. <\/p>\n\n\n\n<p><a href=\"https:\/\/bewirken.org\">https:\/\/bewirken.org<\/a><br><a href=\"https:\/\/futurium.de\/de\/mobil\">https:\/\/futurium.de\/de\/mobil<\/a><br><\/p>\n<\/details>\n\n\n\n<details class=\"wp-block-details is-layout-flow wp-block-details-is-layout-flow\"><summary><strong>Weiterbildungsprodukte<\/strong> f\u00fcr das Unternehmen Brose <em>2021<\/em><\/summary>\n<p>Im Rahmen meines Studiums Medienmanagement habe ich zusammen mit meinen Kommilitoninnen ein Projekt in Zusammenarbeit mit dem Automobilzulieferer Brose durchgef\u00fchrt. Hierbei lag der Fokus auf einem Unterweisungsvideo zum Thema Arbeitszeit. Auch wurde ein Escape-Game zur Einf\u00fchrung von Gefahrstoffen und ein Quiz im Bereich Umwelt und Energie entwickelt. Ich habe bei diesem Projekt die Projektleitung \u00fcbernommen.<\/p>\n\n\n\n<p><a href=\"https:\/\/www.brose.com\/de-de\">https:\/\/www.brose.com\/de-de<\/a><\/p>\n<\/details>\n\n\n\n<details class=\"wp-block-details is-layout-flow wp-block-details-is-layout-flow\"><summary><strong>Museum zum Lauschen<\/strong> &#8211; der Kinderpodcast <em>2020<\/em><\/summary>\n<p>Da der Kooperationspartner Kinderakademie seine Ausstellungen und Workshops wegen der Covid-19 Pandemie nicht wie gewohnt abhalten konnte, boten wir dem Museum die Chance weiterhin seine Zielgruppe zu erreichen. Die Ausstellungen und Workshops der Kinderakademie bilden die Inhalte der Podcastfolgen. Der Podcast tr\u00e4gt den Namen \u201cMuseum zum Lauschen &#8211; Der Kinderpodcast\u201d und umfasst 4 Folgen.<\/p>\n\n\n\n<figure class=\"wp-block-embed is-type-wp-embed is-provider-kinder-akademie-fulda wp-block-embed-kinder-akademie-fulda\"><div class=\"wp-block-embed__wrapper\">\n<blockquote class=\"wp-embedded-content\" data-secret=\"CPmIpNtFU5\"><a href=\"https:\/\/www.kaf.de\/sonstige-programme\/kinderpodcast\/\">Kinderpodcast<\/a><\/blockquote><iframe loading=\"lazy\" class=\"wp-embedded-content\" sandbox=\"allow-scripts\" security=\"restricted\" style=\"position: absolute; visibility: hidden;\" title=\"&#8222;Kinderpodcast&#8220; &#8212; Kinder-Akademie Fulda\" src=\"https:\/\/www.kaf.de\/sonstige-programme\/kinderpodcast\/embed\/#?secret=2cql70SWFy#?secret=CPmIpNtFU5\" data-secret=\"CPmIpNtFU5\" width=\"500\" height=\"282\" frameborder=\"0\" marginwidth=\"0\" marginheight=\"0\" scrolling=\"no\"><\/iframe>\n<\/div><\/figure>\n<\/details>\n\n\n\n<p><\/p>\n","protected":false},"excerpt":{"rendered":"<p>22-Zeichen besticken von T-Shirts seit 2024<\/p>\n","protected":false},"author":1,"featured_media":0,"parent":0,"menu_order":0,"comment_status":"closed","ping_status":"closed","template":"","meta":{"footnotes":""},"class_list":["post-12","page","type-page","status-publish","hentry"],"_links":{"self":[{"href":"http:\/\/leaeller.de\/index.php?rest_route=\/wp\/v2\/pages\/12","targetHints":{"allow":["GET"]}}],"collection":[{"href":"http:\/\/leaeller.de\/index.php?rest_route=\/wp\/v2\/pages"}],"about":[{"href":"http:\/\/leaeller.de\/index.php?rest_route=\/wp\/v2\/types\/page"}],"author":[{"embeddable":true,"href":"http:\/\/leaeller.de\/index.php?rest_route=\/wp\/v2\/users\/1"}],"replies":[{"embeddable":true,"href":"http:\/\/leaeller.de\/index.php?rest_route=%2Fwp%2Fv2%2Fcomments&post=12"}],"version-history":[{"count":7,"href":"http:\/\/leaeller.de\/index.php?rest_route=\/wp\/v2\/pages\/12\/revisions"}],"predecessor-version":[{"id":81,"href":"http:\/\/leaeller.de\/index.php?rest_route=\/wp\/v2\/pages\/12\/revisions\/81"}],"wp:attachment":[{"href":"http:\/\/leaeller.de\/index.php?rest_route=%2Fwp%2Fv2%2Fmedia&parent=12"}],"curies":[{"name":"wp","href":"https:\/\/api.w.org\/{rel}","templated":true}]}}