{"id":10,"date":"2024-05-21T23:19:20","date_gmt":"2024-05-21T21:19:20","guid":{"rendered":"http:\/\/leaeller.de\/?page_id=10"},"modified":"2025-05-05T15:58:54","modified_gmt":"2025-05-05T13:58:54","slug":"ueber-mich","status":"publish","type":"page","link":"http:\/\/leaeller.de\/?page_id=10","title":{"rendered":"\u00dcber mich"},"content":{"rendered":"\n<p>Wenn ich mich in drei Worten beschreiben m\u00fcsste, w\u00e4ren es: ehrlich, strukturiert und engagiert. Diese Eigenschaften pr\u00e4gen nicht nur meinen Alltag, sondern auch meine berufliche und ehrenamtliche Arbeit.<\/p>\n\n\n\n<p>Schon seit meiner Kindheit zieht es mich in die Natur. Dort finde ich Kraft und Inspiration \u2013 sei es bei Reisen mit meinem Bus oder auf Erkundungstouren mit den Pfadfindern. Die Pfadfinder begleiten mich schon seit vielen Jahren: Bereits mit 16 Jahren \u00fcbernahm ich Verantwortung als Gruppenleiterin und organisierte zahlreiche Veranstaltungen. Zuletzt habe ich ein 10t\u00e4giges Zeltlager f\u00fcr den Landesverband Hessen organisiert. Dabei sind \u00fcber 500 Kinder und Jugendliche zusammen gekommen, um sich mit dem Thema Klimawandel zu besch\u00e4ftigen. <\/p>\n\n\n\n<p>Ein besonderes Anliegen ist mir die Unterst\u00fctzung von Jugendlichen auf ihrem Bildungsweg. So habe ich mich bei meiner Stelle bei ZuBaKa f\u00fcr Bildungsgerechtigkeit eingesetzt indem ich Jugendliche mit Migrationshintergrund dabei unterst\u00fctzt habe ihren Hauptschulabschluss zu erlangen.<\/p>\n\n\n\n<p>Inzwischen bin ich hauptamtlich bei den Pfadfindern als &#8218;Stammessupporterin&#8216; t\u00e4tig und unterst\u00fctze die \u00fcber 30 Ortsgruppen in Hessen in vielf\u00e4ltigen Aufgaben. Ein besonderer Schwerpunkt meiner Arbeit liegt dabei auf Mitgliederwerbung und Beratung der bestehenden Strukturen. Es ist mir eine besondere Ehre nun mit meinem Hobby Pfadfinden auch Geld verdienen zu d\u00fcrfen und somit auch meine Erfahrungen weiter zu professionalisieren. <\/p>\n\n\n\n<p>Dar\u00fcber hinaus bin ich freiberuflich als Medienp\u00e4dagogin t\u00e4tig und gebe zum Beispiel Workshops f\u00fcr das Mobile Futurium. Zudem besticke ich Shirts und genie\u00dfe es generell, mich kreativ zu bet\u00e4tigen \u2013 sei es beim Sticken, M\u00f6belbau, N\u00e4hen oder Basteln.<\/p>\n\n\n\n<p>Was mich ausmacht? Naturverbundenheit, Ehrlichkeit, Engagement und Struktur.<\/p>\n\n\n\n<p>Dar\u00fcber hinaus bringe ich umfassende Erfahrungen in den Bereichen Erlebnisp\u00e4dagogik, Gruppendynamik, Medien, Projektmanagement und Bildung mit. All diese Aspekte flie\u00dfen in meine Arbeit ein und helfen mir, Menschen zu begeistern, Projekte voranzubringen und nachhaltige Erlebnisse zu schaffen.<\/p>\n\n\n\n<p><\/p>\n","protected":false},"excerpt":{"rendered":"<p>Wenn ich mich in drei Worten beschreiben m\u00fcsste, w\u00e4ren es: ehrlich, strukturiert und engagiert. Diese Eigenschaften pr\u00e4gen nicht nur meinen Alltag, sondern auch meine berufliche und ehrenamtliche Arbeit. Schon seit meiner Kindheit zieht es mich in die Natur. Dort finde ich Kraft und Inspiration \u2013 sei es bei Reisen mit meinem Bus oder auf Erkundungstouren [&hellip;]<\/p>\n","protected":false},"author":1,"featured_media":0,"parent":0,"menu_order":0,"comment_status":"closed","ping_status":"closed","template":"","meta":{"footnotes":""},"class_list":["post-10","page","type-page","status-publish","hentry"],"_links":{"self":[{"href":"http:\/\/leaeller.de\/index.php?rest_route=\/wp\/v2\/pages\/10","targetHints":{"allow":["GET"]}}],"collection":[{"href":"http:\/\/leaeller.de\/index.php?rest_route=\/wp\/v2\/pages"}],"about":[{"href":"http:\/\/leaeller.de\/index.php?rest_route=\/wp\/v2\/types\/page"}],"author":[{"embeddable":true,"href":"http:\/\/leaeller.de\/index.php?rest_route=\/wp\/v2\/users\/1"}],"replies":[{"embeddable":true,"href":"http:\/\/leaeller.de\/index.php?rest_route=%2Fwp%2Fv2%2Fcomments&post=10"}],"version-history":[{"count":7,"href":"http:\/\/leaeller.de\/index.php?rest_route=\/wp\/v2\/pages\/10\/revisions"}],"predecessor-version":[{"id":85,"href":"http:\/\/leaeller.de\/index.php?rest_route=\/wp\/v2\/pages\/10\/revisions\/85"}],"wp:attachment":[{"href":"http:\/\/leaeller.de\/index.php?rest_route=%2Fwp%2Fv2%2Fmedia&parent=10"}],"curies":[{"name":"wp","href":"https:\/\/api.w.org\/{rel}","templated":true}]}}